{"id":3963,"date":"2022-07-19T11:23:46","date_gmt":"2022-07-19T09:23:46","guid":{"rendered":"https:\/\/www.blume-scherzheim.de\/?page_id=3963"},"modified":"2025-07-17T14:28:54","modified_gmt":"2025-07-17T12:28:54","slug":"contact-directions","status":"publish","type":"page","link":"https:\/\/www.blume-scherzheim.de\/en\/contact-directions\/","title":{"rendered":"Contact &amp; Directions"},"content":{"rendered":"<p>[et_pb_section fb_built=&#8221;1&#8243; fullwidth=&#8221;on&#8221; _builder_version=&#8221;4.17.6&#8243; _module_preset=&#8221;default&#8221; background_enable_image=&#8221;off&#8221; bottom_divider_style=&#8221;mountains2&#8243; bottom_divider_color=&#8221;#FFFFFF&#8221; bottom_divider_height=&#8221;54px&#8221; bottom_divider_height_tablet=&#8221;40px&#8221; bottom_divider_height_phone=&#8221;30px&#8221; bottom_divider_height_last_edited=&#8221;on|phone&#8221; border_width_top=&#8221;12px&#8221; border_color_top=&#8221;#FFFFFF&#8221; border_width_top_tablet=&#8221;6px&#8221; border_width_top_phone=&#8221;6px&#8221; border_width_top_last_edited=&#8221;on|phone&#8221; global_colors_info=&#8221;{}&#8221;][et_pb_fullwidth_image src=&#8221;https:\/\/www.blume-scherzheim.de\/wp-content\/uploads\/2022\/07\/header-landgasthof-2.jpg&#8221; alt=&#8221;Exterior view of &#039;Landgasthof zur Blume&#039;&#8221; title_text=&#8221;header-country inn&#8221; src_tablet=&#8221;https:\/\/www.blume-scherzheim.de\/wp-content\/uploads\/2022\/07\/landgasthof-blume-hotel-t.jpg&#8221; src_phone=&#8221;https:\/\/www.blume-scherzheim.de\/wp-content\/uploads\/2022\/07\/landgasthof-blume-hotel-t.jpg&#8221; src_last_edited=&#8221;on|tablet&#8221; _builder_version=&#8221;4.18.0&#8243; _module_preset=&#8221;default&#8221; background_enable_image=&#8221;off&#8221; global_colors_info=&#8221;{}&#8221;][\/et_pb_fullwidth_image][\/et_pb_section][et_pb_section fb_built=&#8221;1&#8243; custom_padding_last_edited=&#8221;on|phone&#8221; admin_label=&#8221;Einleitung&#8221; module_class=&#8221;subheader&#8221; _builder_version=&#8221;4.17.6&#8243; _module_preset=&#8221;default&#8221; custom_margin=&#8221;||||false|false&#8221; custom_padding=&#8221;30px||30px||true|false&#8221; custom_padding_tablet=&#8221;0px||30px||false|false&#8221; custom_padding_phone=&#8221;30px||||false|false&#8221; locked=&#8221;off&#8221; global_colors_info=&#8221;{}&#8221;][et_pb_row custom_padding_last_edited=&#8221;on|phone&#8221; _builder_version=&#8221;4.17.6&#8243; _module_preset=&#8221;default&#8221; max_width=&#8221;1080px&#8221; custom_margin=&#8221;||||false|false&#8221; custom_padding=&#8221;||||false|false&#8221; custom_padding_tablet=&#8221;||||false|false&#8221; custom_padding_phone=&#8221;0px||||false|false&#8221; global_colors_info=&#8221;{}&#8221;][et_pb_column type=&#8221;4_4&#8243; _builder_version=&#8221;4.17.6&#8243; _module_preset=&#8221;default&#8221; global_colors_info=&#8221;{}&#8221;][et_pb_text module_class=&#8221;subheader pre&#8221; _builder_version=&#8221;4.21.0&#8243; _module_preset=&#8221;default&#8221; custom_margin_tablet=&#8221;||40px||false|false&#8221; custom_margin_phone=&#8221;||30px||false|false&#8221; custom_margin_last_edited=&#8221;off|desktop&#8221; global_colors_info=&#8221;{}&#8221;]We are looking forward to your inquiry!<\/p>\n<h1>Contact us<\/h1>\n<p>Thank you for taking the time to visit our website. We hope that you have found all the information you are looking for.<br \/>\nIf you have any questions or suggestions, you can contact us at any time using the contact form on the website.<\/p>\n<p>We look forward to hearing from you![\/et_pb_text][\/et_pb_column][\/et_pb_row][\/et_pb_section][et_pb_section fb_built=&#8221;1&#8243; _builder_version=&#8221;4.18.0&#8243; _module_preset=&#8221;default&#8221; background_color=&#8221;rgba(56,102,65,0.23)&#8221; top_divider_style=&#8221;mountains2&#8243; top_divider_color=&#8221;#FFFFFF&#8221; top_divider_height=&#8221;54px&#8221; top_divider_arrangement=&#8221;above_content&#8221; top_divider_height_tablet=&#8221;40px&#8221; top_divider_height_phone=&#8221;30px&#8221; top_divider_height_last_edited=&#8221;on|phone&#8221; bottom_divider_color=&#8221;#FFFFFF&#8221; bottom_divider_height=&#8221;54px&#8221; bottom_divider_flip=&#8221;horizontal&#8221; bottom_divider_height_tablet=&#8221;40px&#8221; bottom_divider_height_phone=&#8221;30px&#8221; bottom_divider_height_last_edited=&#8221;off|desktop&#8221; global_colors_info=&#8221;{}&#8221;][et_pb_row column_structure=&#8221;3_5,2_5&#8243; use_custom_gutter=&#8221;on&#8221; gutter_width=&#8221;4&#8243; make_equal=&#8221;on&#8221; _builder_version=&#8221;4.18.0&#8243; _module_preset=&#8221;default&#8221; max_width=&#8221;1080px&#8221; global_colors_info=&#8221;{}&#8221;][et_pb_column type=&#8221;3_5&#8243; _builder_version=&#8221;4.18.0&#8243; _module_preset=&#8221;default&#8221; custom_padding_tablet=&#8221;&#8221; custom_padding_phone=&#8221;||30px||false|false&#8221; custom_padding_last_edited=&#8221;on|phone&#8221; global_colors_info=&#8221;{}&#8221;][et_pb_text disabled_on=&#8221;off|off|on&#8221; admin_label=&#8221;Adresse (mobile Ger\u00e4te)&#8221; _builder_version=&#8221;4.27.4&#8243; _module_preset=&#8221;default&#8221; custom_margin=&#8221;||54px||false|false&#8221; global_colors_info=&#8221;{}&#8221;]<\/p>\n<p><strong>Hotel-Landgasthof zur Blume<\/strong><br \/>Landstra\u00dfe 18<br \/>77839 Lichtenau-Scherzheim<\/p>\n<p>Phone: 07227 979 680<br \/>E-mail: info@landgasthof-blume.eu<\/p>\n<p><a title=\"Link to Googel Maps\" href=\"https:\/\/www.google.com\/maps\/dir\/\/Landgasthof+Blume+Landstra%C3%9Fe+18+77839+Lichtenau\/@48.7104187,7.994328,17z\/data=!4m5!4m4!1m0!1m2!1m1!1s0x4796dcf625fef4d9:0xf4411e8144dcd687\" target=\"_blank\" rel=\"noopener\">Directions with Google Maps<\/a><\/p>\n<p>[\/et_pb_text][et_pb_code admin_label=&#8221;Form snippet&#8221; module_class=&#8221;zimmeranfrage&#8221; _builder_version=&#8221;4.18.0&#8243; _module_preset=&#8221;default&#8221; global_colors_info=&#8221;{}&#8221;]\n<div class=\"wpcf7 no-js\" id=\"wpcf7-f3966-o1\" lang=\"en-US\" dir=\"ltr\" data-wpcf7-id=\"3966\">\n<div class=\"screen-reader-response\"><p role=\"status\" aria-live=\"polite\" aria-atomic=\"true\"><\/p> <ul><\/ul><\/div>\n<form action=\"\/en\/wp-json\/wp\/v2\/pages\/3963#wpcf7-f3966-o1\" method=\"post\" class=\"wpcf7-form init\" aria-label=\"Contact form\" novalidate=\"novalidate\" data-status=\"init\">\n<fieldset class=\"hidden-fields-container\"><input type=\"hidden\" name=\"_wpcf7\" value=\"3966\" \/><input type=\"hidden\" name=\"_wpcf7_version\" value=\"6.1.5\" \/><input type=\"hidden\" name=\"_wpcf7_locale\" value=\"en_US\" \/><input type=\"hidden\" name=\"_wpcf7_unit_tag\" value=\"wpcf7-f3966-o1\" \/><input type=\"hidden\" name=\"_wpcf7_container_post\" value=\"0\" \/><input type=\"hidden\" name=\"_wpcf7_posted_data_hash\" value=\"\" \/><input type=\"hidden\" name=\"_wpcf7_recaptcha_response\" value=\"\" \/>\n<\/fieldset>\n<div class=\"row\">\n<div class=\"col col-12 col-md-6\">\n<label> First name <span class=\"highlight\">*<\/span>\n    <span class=\"wpcf7-form-control-wrap\" data-name=\"your-firstname\"><input size=\"40\" maxlength=\"400\" class=\"wpcf7-form-control wpcf7-text wpcf7-validates-as-required\" aria-required=\"true\" aria-invalid=\"false\" value=\"\" type=\"text\" name=\"your-firstname\" \/><\/span> <\/label>\n<\/div>\n<div class=\"col col-12 col-md-6 mr-0\">\n<label> Name <span class=\"highlight\">*<\/span>\n    <span class=\"wpcf7-form-control-wrap\" data-name=\"your-name\"><input size=\"40\" maxlength=\"400\" class=\"wpcf7-form-control wpcf7-text wpcf7-validates-as-required\" aria-required=\"true\" aria-invalid=\"false\" value=\"\" type=\"text\" name=\"your-name\" \/><\/span> <\/label>\n<\/div>\n<\/div>\n<div class=\"row\">\n<div class=\"col col-12 col-md-6\">\n<label> E-mail address <span class=\"highlight\">*<\/span>\n    <span class=\"wpcf7-form-control-wrap\" data-name=\"your-email\"><input size=\"40\" maxlength=\"400\" class=\"wpcf7-form-control wpcf7-email wpcf7-validates-as-required wpcf7-text wpcf7-validates-as-email\" aria-required=\"true\" aria-invalid=\"false\" value=\"\" type=\"email\" name=\"your-email\" \/><\/span> <\/label>\n<\/div>\n<div class=\"col col-12 col-md-6 mr-0\">\n<label> Phone\n    <span class=\"wpcf7-form-control-wrap\" data-name=\"your-tel\"><input size=\"40\" maxlength=\"400\" class=\"wpcf7-form-control wpcf7-tel wpcf7-text wpcf7-validates-as-tel\" aria-invalid=\"false\" value=\"\" type=\"tel\" name=\"your-tel\" \/><\/span> <\/label>\n<\/div>\n<\/div>\n<div class=\"row\">\n<div class=\"col col-12 mr-0\">\n<label> Subject <span class=\"highlight\">*<\/span>\n    <span class=\"wpcf7-form-control-wrap\" data-name=\"betreff\"><input size=\"40\" maxlength=\"400\" class=\"wpcf7-form-control wpcf7-text wpcf7-validates-as-required\" aria-required=\"true\" aria-invalid=\"false\" value=\"\" type=\"text\" name=\"betreff\" \/><\/span> <\/label>\n<\/div>\n<\/div>\n<div class=\"row\">\n<div class=\"col col-12 mr-0\">\n<label> Your message <span class=\"highlight\">*<\/span>\n    <span class=\"wpcf7-form-control-wrap\" data-name=\"lead-comments\"><textarea cols=\"40\" rows=\"10\" maxlength=\"2000\" minlength=\"20\" class=\"wpcf7-form-control wpcf7-textarea wpcf7-validates-as-required\" aria-required=\"true\" aria-invalid=\"false\" name=\"lead-comments\"><\/textarea><\/span> <\/label>\n<\/div>\n<\/div>\n<div class=\"row\">\n<div class=\"col col-12 mr-0\">\n<label> Please solve the following problem: <span class=\"highlight\">*<\/span><\/label><br>\n<span class=\"wpcf7-form-control-wrap\" data-name=\"quiz-71\"><label><span class=\"wpcf7-quiz-label\">Which number is larger 7 or 3 ?<\/span> <input size=\"40\" class=\"wpcf7-form-control wpcf7-quiz\" autocomplete=\"off\" aria-required=\"true\" aria-invalid=\"false\" type=\"text\" name=\"quiz-71\" \/><\/label><input type=\"hidden\" name=\"_wpcf7_quiz_answer_quiz-71\" value=\"72e38e2dbe60627942f9e212706a4747\" \/><\/span>\n<\/div>\n<\/div>\n<div class=\"row\">\n<div class=\"col col-12 mr-0\">\n<p style=\"font-size:.9em\"><span class=\"wpcf7-form-control-wrap\" data-name=\"acceptance-659\"><span class=\"wpcf7-form-control wpcf7-acceptance\"><span class=\"wpcf7-list-item\"><label><input type=\"checkbox\" name=\"acceptance-659\" value=\"1\" aria-invalid=\"false\" \/><span class=\"wpcf7-list-item-label\">I agree that my data from the contact form will be collected and processed to answer my request.<br>The data will be deleted after the processing of your request has been completed.<span>*<\/span><\/span><\/label><\/span><\/span><\/span><br>View our privacy policy <a href=\"https:\/\/www.blume-scherzheim.de\/datenschutzerklaerung\/\" title=\"Link to Privacy Policy page\" target=\"_blank\">here<\/a>.<\/p>\n<\/div>\n<\/div>\n<div class=\"row\">\n<div class=\"col col-12 mr-0\">\n<p><span class=\"highlight\">*<\/span> Mandatory field<\/p>\n<\/div>\n<\/div>\n<input class=\"wpcf7-form-control wpcf7-submit has-spinner\" type=\"submit\" value=\"Submit\" \/>\n<div class=\"clearfix\"><\/div><div class=\"wpcf7-response-output\" aria-hidden=\"true\"><\/div>\n<\/form>\n<\/div>\n[\/et_pb_code][\/et_pb_column][et_pb_column type=&#8221;2_5&#8243; _builder_version=&#8221;4.18.0&#8243; _module_preset=&#8221;default&#8221; global_colors_info=&#8221;{}&#8221;][et_pb_text disabled_on=&#8221;on|on|off&#8221; admin_label=&#8221;Adresse (desktop)&#8221; _builder_version=&#8221;4.27.4&#8243; _module_preset=&#8221;default&#8221; global_colors_info=&#8221;{}&#8221;]<\/p>\n<p><strong>Hotel-Landgasthof zur Blume<\/strong><br \/>Landstra\u00dfe 18<br \/>77839 Lichtenau-Scherzheim<\/p>\n<p>Phone: 07227 979 680<br \/>E-mail: info@landgasthof-blume.eu<\/p>\n<p><a title=\"Link to Googel Maps\" href=\"https:\/\/www.google.com\/maps\/dir\/\/Landgasthof+Blume+Landstra%C3%9Fe+18+77839+Lichtenau\/@48.7104187,7.994328,17z\/data=!4m5!4m4!1m0!1m2!1m1!1s0x4796dcf625fef4d9:0xf4411e8144dcd687\" target=\"_blank\" rel=\"noopener\">Directions with Google Maps<\/a><\/p>\n<p>[\/et_pb_text][et_pb_divider divider_position=&#8221;center&#8221; divider_weight=&#8221;2px&#8221; _builder_version=&#8221;4.21.0&#8243; _module_preset=&#8221;default&#8221; width=&#8221;50%&#8221; module_alignment=&#8221;left&#8221; custom_margin=&#8221;21px||21px||true|false&#8221; global_module=&#8221;1591&#8243; global_colors_info=&#8221;{}&#8221;][\/et_pb_divider][et_pb_text admin_label=&#8221;Check-In Zeiten&#8221; _builder_version=&#8221;4.21.0&#8243; _module_preset=&#8221;default&#8221; text_font_size=&#8221;18px&#8221; custom_margin=&#8221;||18px||false|false&#8221; text_font_size_tablet=&#8221;18px&#8221; text_font_size_phone=&#8221;16px&#8221; text_font_size_last_edited=&#8221;on|phone&#8221; global_module=&#8221;1061&#8243; saved_tabs=&#8221;all&#8221; global_colors_info=&#8221;{}&#8221;]<\/p>\n<h4>Hotel &#8211; Check-In Zeiten<\/h4>\n<table style=\"width: 100%; border-collapse: collapse; border-style: none; background-color: #ffffff;\" border=\"0\">\n<tbody>\n<tr>\n<td style=\"vertical-align: top; border-style: none; border-right: 2px solid rgba(52, 78, 65, 0.17); text-align: left;\">Montag<\/td>\n<td style=\"vertical-align: top; border-style: none; text-align: right;\">14:00\u201322:30 Uhr<\/td>\n<\/tr>\n<tr>\n<td style=\"border-style: none; background-color: rgba(52, 78, 65, 0.08); text-align: left; vertical-align: top; border-right: 2px solid rgba(52, 78, 65, 0.17);\">Dienstag<\/td>\n<td style=\"border-style: none; background-color: rgba(52, 78, 65, 0.08); text-align: right; vertical-align: top;\">14:00\u201322:30 Uhr<\/td>\n<\/tr>\n<tr>\n<td style=\"vertical-align: top; border-style: none; text-align: left; border-right: 2px solid rgba(52, 78, 65, 0.17);\">Mittwoch<\/td>\n<td style=\"vertical-align: top; border-style: none; text-align: right;\">14:00\u201321:00 Uhr<\/td>\n<\/tr>\n<tr>\n<td style=\"vertical-align: top; border-style: none; background-color: rgba(52, 78, 65, 0.08); text-align: left; border-right: 2px solid rgba(52, 78, 65, 0.17);\">Donnerstag<\/td>\n<td style=\"vertical-align: top; border-style: none; background-color: rgba(52, 78, 65, 0.08); text-align: right;\">14:00\u201321:00 Uhr<\/td>\n<\/tr>\n<tr>\n<td style=\"vertical-align: top; border-style: none; text-align: left; border-right: 2px solid rgba(52, 78, 65, 0.17);\">Freitag<\/td>\n<td style=\"vertical-align: top; border-style: none; text-align: right;\">14:00\u201322:30 Uhr<\/td>\n<\/tr>\n<tr>\n<td style=\"vertical-align: top; border-style: none; background-color: rgba(52, 78, 65, 0.08); text-align: left; border-right: 2px solid rgba(52, 78, 65, 0.17);\">Samstag<\/td>\n<td style=\"vertical-align: top; border-style: none; background-color: rgba(52, 78, 65, 0.08); text-align: right;\">14:00\u201322:30 Uhr<\/td>\n<\/tr>\n<tr>\n<td style=\"vertical-align: top; border-style: none; text-align: left; border-right: 2px solid rgba(52, 78, 65, 0.17);\">Sonntag<\/td>\n<td style=\"vertical-align: top; border-style: none; text-align: right;\">14:00\u201322:30 Uhr<\/td>\n<\/tr>\n<\/tbody>\n<\/table>\n<p>[\/et_pb_text][et_pb_divider divider_position=&#8221;center&#8221; divider_weight=&#8221;2px&#8221; _builder_version=&#8221;4.21.0&#8243; _module_preset=&#8221;default&#8221; width=&#8221;50%&#8221; module_alignment=&#8221;left&#8221; custom_margin=&#8221;21px||21px||true|false&#8221; global_module=&#8221;1591&#8243; saved_tabs=&#8221;all&#8221; global_colors_info=&#8221;{}&#8221;][\/et_pb_divider][et_pb_text admin_label=&#8221;\u00d6ffnungszeiten Restaurant&#8221; _builder_version=&#8221;4.27.2&#8243; _module_preset=&#8221;default&#8221; display_conditions=&#8221;W10=&#8221; global_module=&#8221;3389&#8243; saved_tabs=&#8221;all&#8221; global_colors_info=&#8221;{}&#8221;]<\/p>\n<h4>\u00d6ffnungszeiten Restaurant<\/h4>\n<p><b>Montag bis Sonntag:<\/b><br \/>\n11:45 bis 14:45 Uhr &amp; 17:30 bis 22:00 Uhr<\/p>\n<h4>\u00d6ffnungszeiten K\u00fcche<\/h4>\n<p><b>Montag bis Sonntag:<\/b><br \/>\n11:45 bis 14:00 Uhr &amp; 17:30 bis 22:00 Uhr<\/p>\n<p>[\/et_pb_text][\/et_pb_column][\/et_pb_row][\/et_pb_section][et_pb_section fb_built=&#8221;1&#8243; _builder_version=&#8221;4.19.1&#8243; _module_preset=&#8221;default&#8221; background_color=&#8221;#344E41&#8243; use_background_color_gradient=&#8221;on&#8221; background_color_gradient_stops=&#8221;rgba(56,102,65,0.82) 0%|rgba(52,78,65,0.98) 100%&#8221; background_color_gradient_overlays_image=&#8221;on&#8221; background_image=&#8221;https:\/\/www.blume-scherzheim.de\/wp-content\/uploads\/2022\/11\/map1.jpg&#8221; background_last_edited=&#8221;on|tablet&#8221; background_image_tablet=&#8221;https:\/\/www.blume-scherzheim.de\/wp-content\/uploads\/2022\/11\/map-t.jpg&#8221; background_image_phone=&#8221;https:\/\/www.blume-scherzheim.de\/wp-content\/uploads\/2022\/11\/map-t.jpg&#8221; background_enable_image_tablet=&#8221;on&#8221; background_enable_image_phone=&#8221;on&#8221; global_colors_info=&#8221;{}&#8221;][et_pb_row _builder_version=&#8221;4.19.1&#8243; _module_preset=&#8221;default&#8221; global_colors_info=&#8221;{}&#8221;][et_pb_column type=&#8221;4_4&#8243; _builder_version=&#8221;4.19.1&#8243; _module_preset=&#8221;default&#8221; global_colors_info=&#8221;{}&#8221;][et_pb_cta title=&#8221;Directions&#8221; button_url=&#8221;https:\/\/www.google.com\/maps\/dir\/\/Landgasthof+Blume,+Landstra%C3%9Fe+18,+77839+Lichtenau\/@48.7104187,7.994328,15z\/data=!4m8!4m7!1m0!1m5!1m1!1s0x4796dcf625fef4d9:0xf4411e8144dcd687!2m2!1d7.994328!2d48.7104187&#8243; url_new_window=&#8221;on&#8221; button_text=&#8221;link to the route planner&#8221; _builder_version=&#8221;4.19.1&#8243; _module_preset=&#8221;default&#8221; header_text_align=&#8221;center&#8221; header_text_color=&#8221;#F2E8CF&#8221; background_enable_color=&#8221;off&#8221; custom_button=&#8221;on&#8221; button_text_color=&#8221;#FFFFFF&#8221; button_bg_color=&#8221;#BC4749&#8243; button_border_color=&#8221;#F2E8CF&#8221; button_icon=&#8221;&#x26;||divi||400&#8243; button_on_hover=&#8221;off&#8221; global_colors_info=&#8221;{}&#8221; button_border_color__hover=&#8221;RGBA(255,255,255,0)&#8221; button_border_color__hover_enabled=&#8221;on|hover&#8221;]<\/p>\n<p>You can reach our country inn comfortably via the A5. Use the route planner to find the best route. We look forward to your visit and welcome you!<\/p>\n<p>* The link opens in a new window.<\/p>\n<p>[\/et_pb_cta][\/et_pb_column][\/et_pb_row][\/et_pb_section]<\/p>\n","protected":false},"excerpt":{"rendered":"<p>We are looking forward to your inquiry! Contact us Thank you for taking the time to visit our website. We hope that you have found all the information you are looking for. If you have any questions or suggestions, you can contact us at any time using the contact form on the website. We look forward to hearing from you!Hotel-Landgasthof zur BlumeLandstra\u00dfe 1877839 Lichtenau-Scherzheim Phone: 07227 979 680E-mail: info@landgasthof-blume.eu Directions with Google Maps\n<div class=\"wpcf7 no-js\" id=\"wpcf7-f3966-o2\" lang=\"en-US\" dir=\"ltr\" data-wpcf7-id=\"3966\">\n<div class=\"screen-reader-response\"><p role=\"status\" aria-live=\"polite\" aria-atomic=\"true\"><\/p> <ul><\/ul><\/div>\n<form action=\"\/en\/wp-json\/wp\/v2\/pages\/3963#wpcf7-f3966-o2\" method=\"post\" class=\"wpcf7-form init\" aria-label=\"Contact form\" novalidate=\"novalidate\" data-status=\"init\">\n<fieldset class=\"hidden-fields-container\"><input type=\"hidden\" name=\"_wpcf7\" value=\"3966\" \/><input type=\"hidden\" name=\"_wpcf7_version\" value=\"6.1.5\" \/><input type=\"hidden\" name=\"_wpcf7_locale\" value=\"en_US\" \/><input type=\"hidden\" name=\"_wpcf7_unit_tag\" value=\"wpcf7-f3966-o2\" \/><input type=\"hidden\" name=\"_wpcf7_container_post\" value=\"0\" \/><input type=\"hidden\" name=\"_wpcf7_posted_data_hash\" value=\"\" \/><input type=\"hidden\" name=\"_wpcf7_recaptcha_response\" value=\"\" \/>\n<\/fieldset>\n<div class=\"row\">\n<div class=\"col col-12 col-md-6\">\n<label> First name <span class=\"highlight\">*<\/span>\n    <span class=\"wpcf7-form-control-wrap\" data-name=\"your-firstname\"><input size=\"40\" maxlength=\"400\" class=\"wpcf7-form-control wpcf7-text wpcf7-validates-as-required\" aria-required=\"true\" aria-invalid=\"false\" value=\"\" type=\"text\" name=\"your-firstname\" \/><\/span> <\/label>\n<\/div>\n<div class=\"col col-12 col-md-6 mr-0\">\n<label> Name <span class=\"highlight\">*<\/span>\n    <span class=\"wpcf7-form-control-wrap\" data-name=\"your-name\"><input size=\"40\" maxlength=\"400\" class=\"wpcf7-form-control wpcf7-text wpcf7-validates-as-required\" aria-required=\"true\" aria-invalid=\"false\" value=\"\" type=\"text\" name=\"your-name\" \/><\/span> <\/label>\n<\/div>\n<\/div>\n<div class=\"row\">\n<div class=\"col col-12 col-md-6\">\n<label> E-mail address <span class=\"highlight\">*<\/span>\n    <span class=\"wpcf7-form-control-wrap\" data-name=\"your-email\"><input size=\"40\" maxlength=\"400\" class=\"wpcf7-form-control wpcf7-email wpcf7-validates-as-required wpcf7-text wpcf7-validates-as-email\" aria-required=\"true\" aria-invalid=\"false\" value=\"\" type=\"email\" name=\"your-email\" \/><\/span> <\/label>\n<\/div>\n<div class=\"col col-12 col-md-6 mr-0\">\n<label> Phone\n    <span class=\"wpcf7-form-control-wrap\" data-name=\"your-tel\"><input size=\"40\" maxlength=\"400\" class=\"wpcf7-form-control wpcf7-tel wpcf7-text wpcf7-validates-as-tel\" aria-invalid=\"false\" value=\"\" type=\"tel\" name=\"your-tel\" \/><\/span> <\/label>\n<\/div>\n<\/div>\n<div class=\"row\">\n<div class=\"col col-12 mr-0\">\n<label> Subject <span class=\"highlight\">*<\/span>\n    <span class=\"wpcf7-form-control-wrap\" data-name=\"betreff\"><input size=\"40\" maxlength=\"400\" class=\"wpcf7-form-control wpcf7-text wpcf7-validates-as-required\" aria-required=\"true\" aria-invalid=\"false\" value=\"\" type=\"text\" name=\"betreff\" \/><\/span> <\/label>\n<\/div>\n<\/div>\n<div class=\"row\">\n<div class=\"col col-12 mr-0\">\n<label> Your message <span class=\"highlight\">*<\/span>\n    <span class=\"wpcf7-form-control-wrap\" data-name=\"lead-comments\"><textarea cols=\"40\" rows=\"10\" maxlength=\"2000\" minlength=\"20\" class=\"wpcf7-form-control wpcf7-textarea wpcf7-validates-as-required\" aria-required=\"true\" aria-invalid=\"false\" name=\"lead-comments\"><\/textarea><\/span> <\/label>\n<\/div>\n<\/div>\n<div class=\"row\">\n<div class=\"col col-12 mr-0\">\n<label> Please solve the following problem: <span class=\"highlight\">*<\/span><\/label><br>\n<span class=\"wpcf7-form-control-wrap\" data-name=\"quiz-71\"><label><span class=\"wpcf7-quiz-label\">Which number is larger 4 or 8 ?<\/span> <input size=\"40\" class=\"wpcf7-form-control wpcf7-quiz\" autocomplete=\"off\" aria-required=\"true\" aria-invalid=\"false\" type=\"text\" name=\"quiz-71\" \/><\/label><input type=\"hidden\" name=\"_wpcf7_quiz_answer_quiz-71\" value=\"65581a6cf39bcf65477cd495882e6ae5\" \/><\/span>\n<\/div>\n<\/div>\n<div class=\"row\">\n<div class=\"col col-12 mr-0\">\n<p style=\"font-size:.9em\"><span class=\"wpcf7-form-control-wrap\" data-name=\"acceptance-659\"><span class=\"wpcf7-form-control wpcf7-acceptance\"><span class=\"wpcf7-list-item\"><label><input type=\"checkbox\" name=\"acceptance-659\" value=\"1\" aria-invalid=\"false\" \/><span class=\"wpcf7-list-item-label\">I agree that my data from the contact form will be collected and processed to answer my request.<br>The data will be deleted after the processing of your request has been completed.<span>*<\/span><\/span><\/label><\/span><\/span><\/span><br>View our privacy policy <a href=\"https:\/\/www.blume-scherzheim.de\/datenschutzerklaerung\/\" title=\"Link to Privacy Policy page\" target=\"_blank\">here<\/a>.<\/p>\n<\/div>\n<\/div>\n<div class=\"row\">\n<div class=\"col col-12 mr-0\">\n<p><span class=\"highlight\">*<\/span> Mandatory field<\/p>\n<\/div>\n<\/div>\n<input class=\"wpcf7-form-control wpcf7-submit has-spinner\" type=\"submit\" value=\"Submit\" \/>\n<div class=\"clearfix\"><\/div><div class=\"wpcf7-response-output\" aria-hidden=\"true\"><\/div>\n<\/form>\n<\/div>\nHotel-Landgasthof zur BlumeLandstra\u00dfe 1877839 Lichtenau-Scherzheim Phone: 07227 979 680E-mail: info@landgasthof-blume.eu Directions with Google MapsHotel &#8211; Check-In Zeiten Montag 14:00\u201322:30 Uhr Dienstag 14:00\u201322:30 Uhr Mittwoch 14:00\u201321:00 Uhr Donnerstag 14:00\u201321:00 Uhr Freitag 14:00\u201322:30 Uhr Samstag 14:00\u201322:30 Uhr Sonntag 14:00\u201322:30 Uhr \u00d6ffnungszeiten Restaurant Montag bis Sonntag: 11:45 bis 14:45 Uhr &amp; 17:30 bis 22:00 Uhr \u00d6ffnungszeiten K\u00fcche Montag bis Sonntag: 11:45 bis 14:00 Uhr &amp; 17:30 bis 22:00 Uhr You can reach our country inn comfortably via the A5. Use the route planner to find the best route. We look forward to your visit and welcome you! * The link opens in a new window.<\/p>\n","protected":false},"author":1,"featured_media":0,"parent":0,"menu_order":0,"comment_status":"closed","ping_status":"closed","template":"","meta":{"_et_pb_use_builder":"on","_et_pb_old_content":"","_et_gb_content_width":"","footnotes":""},"class_list":["post-3963","page","type-page","status-publish","hentry"],"_links":{"self":[{"href":"https:\/\/www.blume-scherzheim.de\/en\/wp-json\/wp\/v2\/pages\/3963","targetHints":{"allow":["GET"]}}],"collection":[{"href":"https:\/\/www.blume-scherzheim.de\/en\/wp-json\/wp\/v2\/pages"}],"about":[{"href":"https:\/\/www.blume-scherzheim.de\/en\/wp-json\/wp\/v2\/types\/page"}],"author":[{"embeddable":true,"href":"https:\/\/www.blume-scherzheim.de\/en\/wp-json\/wp\/v2\/users\/1"}],"replies":[{"embeddable":true,"href":"https:\/\/www.blume-scherzheim.de\/en\/wp-json\/wp\/v2\/comments?post=3963"}],"version-history":[{"count":10,"href":"https:\/\/www.blume-scherzheim.de\/en\/wp-json\/wp\/v2\/pages\/3963\/revisions"}],"predecessor-version":[{"id":5021,"href":"https:\/\/www.blume-scherzheim.de\/en\/wp-json\/wp\/v2\/pages\/3963\/revisions\/5021"}],"wp:attachment":[{"href":"https:\/\/www.blume-scherzheim.de\/en\/wp-json\/wp\/v2\/media?parent=3963"}],"curies":[{"name":"wp","href":"https:\/\/api.w.org\/{rel}","templated":true}]}}