{"id":3937,"date":"2022-07-19T11:25:17","date_gmt":"2022-07-19T09:25:17","guid":{"rendered":"https:\/\/www.blume-scherzheim.de\/?page_id=3937"},"modified":"2025-03-19T16:56:31","modified_gmt":"2025-03-19T15:56:31","slug":"book-a-table","status":"publish","type":"page","link":"https:\/\/www.blume-scherzheim.de\/en\/restaurant\/book-a-table\/","title":{"rendered":"Book a table"},"content":{"rendered":"<p>[et_pb_section fb_built=&#8221;1&#8243; fullwidth=&#8221;on&#8221; _builder_version=&#8221;4.17.6&#8243; _module_preset=&#8221;default&#8221; background_enable_image=&#8221;off&#8221; bottom_divider_style=&#8221;mountains2&#8243; bottom_divider_color=&#8221;#FFFFFF&#8221; bottom_divider_height=&#8221;54px&#8221; bottom_divider_height_tablet=&#8221;40px&#8221; bottom_divider_height_phone=&#8221;30px&#8221; bottom_divider_height_last_edited=&#8221;on|phone&#8221; border_width_top=&#8221;12px&#8221; border_color_top=&#8221;#FFFFFF&#8221; border_width_top_tablet=&#8221;6px&#8221; border_width_top_phone=&#8221;6px&#8221; border_width_top_last_edited=&#8221;on|phone&#8221; global_colors_info=&#8221;{}&#8221;][et_pb_fullwidth_image src=&#8221;https:\/\/www.blume-scherzheim.de\/wp-content\/uploads\/2022\/08\/header-Tischreservierung.jpg&#8221; alt=&#8221;View through open door into hotel room&#8221; title_text=&#8221;header-book-a-table&#8221; src_tablet=&#8221;https:\/\/www.blume-scherzheim.de\/wp-content\/uploads\/2022\/08\/header-Tischreservierung-t.jpg&#8221; src_phone=&#8221;https:\/\/www.blume-scherzheim.de\/wp-content\/uploads\/2022\/08\/header-Tischreservierung-t.jpg&#8221; src_last_edited=&#8221;on|phone&#8221; _builder_version=&#8221;4.18.0&#8243; _module_preset=&#8221;default&#8221; background_enable_image=&#8221;off&#8221; global_colors_info=&#8221;{}&#8221;][\/et_pb_fullwidth_image][\/et_pb_section][et_pb_section fb_built=&#8221;1&#8243; custom_padding_last_edited=&#8221;on|phone&#8221; admin_label=&#8221;Einleitung&#8221; module_class=&#8221;subheader&#8221; _builder_version=&#8221;4.18.0&#8243; _module_preset=&#8221;default&#8221; custom_margin=&#8221;||||false|false&#8221; custom_padding=&#8221;30px||30px||true|false&#8221; custom_padding_tablet=&#8221;0px||30px||false|false&#8221; custom_padding_phone=&#8221;30px||||false|false&#8221; locked=&#8221;off&#8221; global_colors_info=&#8221;{}&#8221;][et_pb_row custom_padding_last_edited=&#8221;on|phone&#8221; _builder_version=&#8221;4.17.6&#8243; _module_preset=&#8221;default&#8221; max_width=&#8221;1080px&#8221; custom_margin=&#8221;||||false|false&#8221; custom_padding=&#8221;||||false|false&#8221; custom_padding_tablet=&#8221;||||false|false&#8221; custom_padding_phone=&#8221;0px||||false|false&#8221; global_colors_info=&#8221;{}&#8221;][et_pb_column type=&#8221;4_4&#8243; _builder_version=&#8221;4.17.6&#8243; _module_preset=&#8221;default&#8221; global_colors_info=&#8221;{}&#8221;][et_pb_text module_class=&#8221;subheader pre&#8221; _builder_version=&#8221;4.21.0&#8243; _module_preset=&#8221;default&#8221; custom_margin_tablet=&#8221;||40px||false|false&#8221; custom_margin_phone=&#8221;||30px||false|false&#8221; custom_margin_last_edited=&#8221;off|desktop&#8221; global_colors_info=&#8221;{}&#8221;]We are looking forward to your inquiry!<\/p>\n<h1>Book a table<\/h1>\n<p>You are welcome to make your reservation by calling us +49 (0) 7227 979 680 or use our reservation service. Please contact us by e-mail or use the contact form. We will get back to you as soon as possible.<\/p>\n<p>We are happy to accept your wishes and look forward to a nice evening with you in our <a title=\"Link to page Restaurant\" href=\"https:\/\/www.blume-scherzheim.de\/en\/restaurant\/\">restaurant<\/a>!<\/p>\n<p>[\/et_pb_text][\/et_pb_column][\/et_pb_row][\/et_pb_section][et_pb_section fb_built=&#8221;1&#8243; _builder_version=&#8221;4.18.0&#8243; _module_preset=&#8221;default&#8221; background_color=&#8221;rgba(56,102,65,0.23)&#8221; top_divider_color=&#8221;#FFFFFF&#8221; top_divider_height=&#8221;54px&#8221; top_divider_arrangement=&#8221;above_content&#8221; top_divider_height_tablet=&#8221;40px&#8221; top_divider_height_phone=&#8221;30px&#8221; top_divider_height_last_edited=&#8221;off|desktop&#8221; bottom_divider_color=&#8221;#FFFFFF&#8221; bottom_divider_height=&#8221;54px&#8221; bottom_divider_flip=&#8221;horizontal&#8221; bottom_divider_height_tablet=&#8221;40px&#8221; bottom_divider_height_phone=&#8221;30px&#8221; bottom_divider_height_last_edited=&#8221;off|desktop&#8221; locked=&#8221;off&#8221; global_colors_info=&#8221;{}&#8221;][et_pb_row column_structure=&#8221;2_5,3_5&#8243; use_custom_gutter=&#8221;on&#8221; gutter_width=&#8221;1&#8243; make_equal=&#8221;on&#8221; _builder_version=&#8221;4.18.0&#8243; _module_preset=&#8221;default&#8221; max_width=&#8221;1080px&#8221; custom_css_main_element=&#8221;display:flex;||flex-direction:row-reverse;&#8221; global_colors_info=&#8221;{}&#8221; custom_css_main_element_last_edited=&#8221;on|desktop&#8221; custom_css_main_element_tablet=&#8221;display:block;&#8221; custom_css_main_element_phone=&#8221;display:block;&#8221;][et_pb_column type=&#8221;2_5&#8243; _builder_version=&#8221;4.18.0&#8243; _module_preset=&#8221;default&#8221; custom_css_main_element=&#8221;margin-right: 0;&#8221; global_colors_info=&#8221;{}&#8221; custom_css_main_element_last_edited=&#8221;on|phone&#8221; custom_css_main_element_tablet=&#8221;margin-bottom:54px !important;&#8221; custom_css_main_element_phone=&#8221;margin-bottom:30px;&#8221;][et_pb_text admin_label=&#8221;\u00d6ffnungszeiten Restaurant&#8221; _builder_version=&#8221;4.27.2&#8243; _module_preset=&#8221;default&#8221; display_conditions=&#8221;W10=&#8221; global_module=&#8221;3389&#8243; saved_tabs=&#8221;all&#8221; global_colors_info=&#8221;{}&#8221;]<\/p>\n<h4>\u00d6ffnungszeiten Restaurant<\/h4>\n<p><b>Montag bis Sonntag:<\/b><br \/>\n11:45 bis 14:45 Uhr &amp; 17:30 bis 22:00 Uhr<\/p>\n<h4>\u00d6ffnungszeiten K\u00fcche<\/h4>\n<p><b>Montag bis Sonntag:<\/b><br \/>\n11:45 bis 14:00 Uhr &amp; 17:30 bis 22:00 Uhr<\/p>\n<p>[\/et_pb_text][et_pb_divider divider_position=&#8221;center&#8221; divider_weight=&#8221;2px&#8221; _builder_version=&#8221;4.21.0&#8243; _module_preset=&#8221;default&#8221; width=&#8221;50%&#8221; module_alignment=&#8221;left&#8221; custom_margin=&#8221;21px||21px||true|false&#8221; global_module=&#8221;1591&#8243; global_colors_info=&#8221;{}&#8221;][\/et_pb_divider][et_pb_text admin_label=&#8221;Hinweis&#8221; _builder_version=&#8221;4.27.3&#8243; _module_preset=&#8221;default&#8221; text_font_size=&#8221;18px&#8221; display_conditions=&#8221;W3siaWQiOiJlYmYxNWIwNC00NmExLTQ1ZjktOTc0OS1iNmJjNzFiN2U2MDAiLCJjb25kaXRpb24iOiJkYXRlVGltZSIsImNvbmRpdGlvblNldHRpbmdzIjp7ImRpc3BsYXlSdWxlIjoiaXNCZWZvcmUiLCJkYXRlIjoiMjAyNS0wMS0xMiIsInRpbWUiOiIyMzowMCIsIndlZWtkYXlzIjoifCIsImFsbERheSI6Im9uIiwiZnJvbVRpbWUiOiIwMDowMCIsInVudGlsVGltZSI6IjAwOjAwIiwicmVwZWF0Ijoib2ZmIiwicmVwZWF0RnJlcXVlbmN5IjoibW9udGhseSIsInJlcGVhdEZyZXF1ZW5jeVNwZWNpZmljRGF5cyI6IndlZWtseSIsInJlcGVhdEVuZCI6Im5ldmVyIiwicmVwZWF0VW50aWxEYXRlIjoiMjAyMy03LTE3IiwicmVwZWF0VGltZXMiOiIzIiwiYWRtaW5MYWJlbCI6IlRlcm1pbnplaXQiLCJlbmFibGVDb25kaXRpb24iOiJvbiJ9LCJvcGVyYXRvciI6Ik9SIn1d&#8221; custom_padding=&#8221;12px|12px|12px|12px|true|true&#8221; border_width_all=&#8221;2px&#8221; border_color_all=&#8221;#386641&#8243; global_module=&#8221;4380&#8243; saved_tabs=&#8221;all&#8221; global_colors_info=&#8221;{}&#8221;]<\/p>\n<p><strong>Hinweis: ge\u00e4nderte \u00d6ffnungszeiten Restaurant<br \/><\/strong>Unser Restaurant hat vom 07.01. \u2013 12.01.2025 geschlossen.<\/p>\n<p>[\/et_pb_text][\/et_pb_column][et_pb_column type=&#8221;3_5&#8243; _builder_version=&#8221;4.18.0&#8243; _module_preset=&#8221;default&#8221; custom_padding=&#8221;|8%|||false|false&#8221; custom_padding_tablet=&#8221;|0%|||false|false&#8221; custom_padding_phone=&#8221;|0%|||false|false&#8221; custom_padding_last_edited=&#8221;on|tablet&#8221; global_colors_info=&#8221;{}&#8221; custom_css_main_element_last_edited=&#8221;off|tablet&#8221; custom_css_main_element_tablet=&#8221;margin-bottom: 0;&#8221; custom_css_main_element_phone=&#8221;margin-right: 0;&#8221;][et_pb_code module_class=&#8221;zimmeranfrage&#8221; _builder_version=&#8221;4.18.0&#8243; _module_preset=&#8221;default&#8221; global_colors_info=&#8221;{}&#8221;]\n<div class=\"wpcf7 no-js\" id=\"wpcf7-f3967-o1\" lang=\"en-US\" dir=\"ltr\" data-wpcf7-id=\"3967\">\n<div class=\"screen-reader-response\"><p role=\"status\" aria-live=\"polite\" aria-atomic=\"true\"><\/p> <ul><\/ul><\/div>\n<form action=\"\/en\/wp-json\/wp\/v2\/pages\/3937#wpcf7-f3967-o1\" method=\"post\" class=\"wpcf7-form init\" aria-label=\"Contact form\" novalidate=\"novalidate\" data-status=\"init\">\n<fieldset class=\"hidden-fields-container\"><input type=\"hidden\" name=\"_wpcf7\" value=\"3967\" \/><input type=\"hidden\" name=\"_wpcf7_version\" value=\"6.1.5\" \/><input type=\"hidden\" name=\"_wpcf7_locale\" value=\"en_US\" \/><input type=\"hidden\" name=\"_wpcf7_unit_tag\" value=\"wpcf7-f3967-o1\" \/><input type=\"hidden\" name=\"_wpcf7_container_post\" value=\"0\" \/><input type=\"hidden\" name=\"_wpcf7_posted_data_hash\" value=\"\" \/><input type=\"hidden\" name=\"_wpcf7_recaptcha_response\" value=\"\" \/>\n<\/fieldset>\n<div class=\"row\">\n<div class=\"col col-12 col-md-6\">\n<label> First name <span class=\"highlight\">*<\/span>\n    <span class=\"wpcf7-form-control-wrap\" data-name=\"your-firstname\"><input size=\"40\" maxlength=\"400\" class=\"wpcf7-form-control wpcf7-text wpcf7-validates-as-required\" aria-required=\"true\" aria-invalid=\"false\" value=\"\" type=\"text\" name=\"your-firstname\" \/><\/span> <\/label>\n<\/div>\n<div class=\"col col-12 col-md-6 mr-0\">\n<label> Name <span class=\"highlight\">*<\/span>\n    <span class=\"wpcf7-form-control-wrap\" data-name=\"your-name\"><input size=\"40\" maxlength=\"400\" class=\"wpcf7-form-control wpcf7-text wpcf7-validates-as-required\" aria-required=\"true\" aria-invalid=\"false\" value=\"\" type=\"text\" name=\"your-name\" \/><\/span> <\/label>\n<\/div>\n<\/div>\n<div class=\"row\">\n<div class=\"col col-12 col-md-6\">\n<label> E-mail address <span class=\"highlight\">*<\/span>\n    <span class=\"wpcf7-form-control-wrap\" data-name=\"your-email\"><input size=\"40\" maxlength=\"400\" class=\"wpcf7-form-control wpcf7-email wpcf7-validates-as-required wpcf7-text wpcf7-validates-as-email\" aria-required=\"true\" aria-invalid=\"false\" value=\"\" type=\"email\" name=\"your-email\" \/><\/span> <\/label>\n<\/div>\n<div class=\"col col-12 col-md-6 mr-0\">\n<label> Phone\n    <span class=\"wpcf7-form-control-wrap\" data-name=\"your-tel\"><input size=\"40\" maxlength=\"400\" class=\"wpcf7-form-control wpcf7-tel wpcf7-text wpcf7-validates-as-tel\" aria-invalid=\"false\" value=\"\" type=\"tel\" name=\"your-tel\" \/><\/span> <\/label>\n<\/div>\n<\/div>\n<div class=\"row\">\n<div class=\"col col-md-6 mr-0\">\nNumber of persons <span class=\"highlight\">*<\/span><br>\n<span class=\"wpcf7-form-control-wrap\" data-name=\"number-guests\"><input class=\"wpcf7-form-control wpcf7-number wpcf7-validates-as-required wpcf7-validates-as-number\" min=\"1\" aria-required=\"true\" aria-invalid=\"false\" value=\"\" type=\"number\" name=\"number-guests\" \/><\/span>\n<\/div>\n<\/div>\n<div class=\"row\">\n<div class=\"col col-md-6\">\nDate <span class=\"highlight\">*<\/span><br>\n<span class=\"wpcf7-form-control-wrap\" data-name=\"date-reserviation\"><input class=\"wpcf7-form-control wpcf7-date wpcf7-validates-as-required wpcf7-validates-as-date\" aria-required=\"true\" aria-invalid=\"false\" value=\"d M y\" type=\"date\" name=\"date-reserviation\" \/><\/span> \n<\/div>\n<div class=\"col col-md-6 mr-0\">\nTime *<br>\n<span class=\"wpcf7-form-control-wrap\" data-name=\"text-uhrzeit\"><input size=\"40\" maxlength=\"400\" class=\"wpcf7-form-control wpcf7-text wpcf7-validates-as-required\" aria-required=\"true\" aria-invalid=\"false\" value=\"\" type=\"text\" name=\"text-uhrzeit\" \/><\/span>\n<\/div>\n<\/div>\n<div class=\"row\">\n<div class=\"col col-12 mr-0\">\n<label> Your message <span class=\"highlight\">*<\/span>\n    <span class=\"wpcf7-form-control-wrap\" data-name=\"your-message\"><textarea cols=\"40\" rows=\"10\" maxlength=\"2000\" class=\"wpcf7-form-control wpcf7-textarea wpcf7-validates-as-required\" aria-required=\"true\" aria-invalid=\"false\" name=\"your-message\"><\/textarea><\/span> <\/label>\n<\/div>\n<\/div>\n<div class=\"row\">\n<div class=\"col col-12 mr-0\">\n<label> Please solve the following problem: <span class=\"highlight\">*<\/span><\/label><br>\n<span class=\"wpcf7-form-control-wrap\" data-name=\"quiz-72\"><label><span class=\"wpcf7-quiz-label\">Which nuber is larger 4 or 9 ?<\/span> <input size=\"40\" class=\"wpcf7-form-control wpcf7-quiz\" autocomplete=\"off\" aria-required=\"true\" aria-invalid=\"false\" type=\"text\" name=\"quiz-72\" \/><\/label><input type=\"hidden\" name=\"_wpcf7_quiz_answer_quiz-72\" value=\"9177e396a6f247b6744202dd1e919467\" \/><\/span>\n<\/div>\n<\/div>\n<div class=\"row\">\n<div class=\"col col-12 mr-0\">\n<p style=\"font-size:.9em\"><span class=\"wpcf7-form-control-wrap\" data-name=\"acceptance-659\"><span class=\"wpcf7-form-control wpcf7-acceptance\"><span class=\"wpcf7-list-item\"><label><input type=\"checkbox\" name=\"acceptance-659\" value=\"1\" aria-invalid=\"false\" \/><span class=\"wpcf7-list-item-label\">I agree that my data from the form will be collected and processed to answer my request.<br>The data will be deleted after the processing of your request has been completed.<span>*<\/span><\/span><\/label><\/span><\/span><\/span><br>View our privacy policy <a href=\"https:\/\/www.blume-scherzheim.de\/en\/privacy-policy\/\" title=\"Link to Privacy Policy page\" target=\"_blank\">here<\/a>.<\/p>\n<\/div>\n<\/div>\n<div class=\"row\">\n<div class=\"col col-12 mr-0\">\n<p><span class=\"highlight\">*<\/span> Mandatory field<\/p>\n<\/div>\n<\/div>\n<input class=\"wpcf7-form-control wpcf7-submit has-spinner\" type=\"submit\" value=\"Senden\" \/>\n<div class=\"clearfix\"><\/div><div class=\"wpcf7-response-output\" aria-hidden=\"true\"><\/div>\n<\/form>\n<\/div>\n[\/et_pb_code][\/et_pb_column][\/et_pb_row][\/et_pb_section][et_pb_section fb_built=&#8221;1&#8243; custom_padding_last_edited=&#8221;on|phone&#8221; disabled_on=&#8221;off|off|off&#8221; admin_label=&#8221;News Restaurant&#8221; module_class=&#8221;news&#8221; _builder_version=&#8221;4.21.0&#8243; _module_preset=&#8221;default&#8221; use_background_color_gradient=&#8221;on&#8221; background_color_gradient_stops=&#8221;rgba(56,102,65,0.67) 0%|rgba(52,78,65,0.82) 100%&#8221; background_color_gradient_overlays_image=&#8221;on&#8221; background_image=&#8221;https:\/\/www.blume-scherzheim.de\/wp-content\/uploads\/2022\/11\/blick-rheinebene.jpg&#8221; parallax=&#8221;on&#8221; parallax_method=&#8221;off&#8221; custom_padding=&#8221;30px||||false|false&#8221; custom_padding_tablet=&#8221;30px||||false|false&#8221; custom_padding_phone=&#8221;21px||||false|false&#8221; top_divider_style=&#8221;mountains2&#8243; top_divider_color=&#8221;#FFFFFF&#8221; top_divider_height=&#8221;54px&#8221; top_divider_height_tablet=&#8221;40px&#8221; top_divider_height_phone=&#8221;30px&#8221; top_divider_height_last_edited=&#8221;on|tablet&#8221; bottom_divider_flip_tablet=&#8221;vertical&#8221; bottom_divider_flip_phone=&#8221;none&#8221; bottom_divider_flip_last_edited=&#8221;on|phone&#8221; background_last_edited=&#8221;on|phone&#8221; background_image_tablet=&#8221;https:\/\/www.blume-scherzheim.de\/wp-content\/uploads\/2022\/11\/blick-rheinebene-t.jpg&#8221; background_enable_image_tablet=&#8221;on&#8221; global_module=&#8221;1910&#8243; saved_tabs=&#8221;all&#8221; global_colors_info=&#8221;{}&#8221;][et_pb_row _builder_version=&#8221;4.18.0&#8243; _module_preset=&#8221;default&#8221; global_colors_info=&#8221;{}&#8221;][et_pb_column type=&#8221;4_4&#8243; _builder_version=&#8221;4.18.0&#8243; _module_preset=&#8221;default&#8221; global_colors_info=&#8221;{}&#8221;][et_pb_text admin_label=&#8221;\u00dcberschrift&#8221; _builder_version=&#8221;4.20.2&#8243; _module_preset=&#8221;default&#8221; header_2_text_align=&#8221;center&#8221; header_2_text_color=&#8221;#efffc8&#8243; global_colors_info=&#8221;{}&#8221;]<\/p>\n<h2>News<\/h2>\n<p>[\/et_pb_text][et_pb_blog fullwidth=&#8221;off&#8221; posts_number=&#8221;3&#8243; include_categories=&#8221;22&#8243; show_more=&#8221;on&#8221; show_author=&#8221;off&#8221; show_date=&#8221;off&#8221; show_pagination=&#8221;off&#8221; disabled_on=&#8221;off|off|off&#8221; _builder_version=&#8221;4.21.0&#8243; _module_preset=&#8221;default&#8221; header_level=&#8221;h3&#8243; meta_text_color=&#8221;#344E41&#8243; border_width_all=&#8221;0px&#8221; border_radii_tablet=&#8221;off|||8px|8px&#8221; border_radii_phone=&#8221;off|||5px|5px&#8221; border_radii_last_edited=&#8221;off|desktop&#8221; box_shadow_style=&#8221;preset3&#8243; box_shadow_vertical=&#8221;3px&#8221; box_shadow_blur=&#8221;6px&#8221; box_shadow_spread=&#8221;-3px&#8221; box_shadow_color=&#8221;rgba(16,11,0,0.82)&#8221; global_colors_info=&#8221;{}&#8221;][\/et_pb_blog][\/et_pb_column][\/et_pb_row][\/et_pb_section]<\/p>\n","protected":false},"excerpt":{"rendered":"<p>We are looking forward to your inquiry! Book a table You are welcome to make your reservation by calling us +49 (0) 7227 979 680 or use our reservation service. Please contact us by e-mail or use the contact form. We will get back to you as soon as possible. We are happy to accept your wishes and look forward to a nice evening with you in our restaurant!\u00d6ffnungszeiten Restaurant Montag bis Sonntag: 11:45 bis 14:45 Uhr &amp; 17:30 bis 22:00 Uhr \u00d6ffnungszeiten K\u00fcche Montag bis Sonntag: 11:45 bis 14:00 Uhr &amp; 17:30 bis 22:00 Uhr Hinweis: ge\u00e4nderte \u00d6ffnungszeiten RestaurantUnser Restaurant hat vom 07.01. \u2013 12.01.2025 geschlossen. \n<div class=\"wpcf7 no-js\" id=\"wpcf7-f3967-o2\" lang=\"en-US\" dir=\"ltr\" data-wpcf7-id=\"3967\">\n<div class=\"screen-reader-response\"><p role=\"status\" aria-live=\"polite\" aria-atomic=\"true\"><\/p> <ul><\/ul><\/div>\n<form action=\"\/en\/wp-json\/wp\/v2\/pages\/3937#wpcf7-f3967-o2\" method=\"post\" class=\"wpcf7-form init\" aria-label=\"Contact form\" novalidate=\"novalidate\" data-status=\"init\">\n<fieldset class=\"hidden-fields-container\"><input type=\"hidden\" name=\"_wpcf7\" value=\"3967\" \/><input type=\"hidden\" name=\"_wpcf7_version\" value=\"6.1.5\" \/><input type=\"hidden\" name=\"_wpcf7_locale\" value=\"en_US\" \/><input type=\"hidden\" name=\"_wpcf7_unit_tag\" value=\"wpcf7-f3967-o2\" \/><input type=\"hidden\" name=\"_wpcf7_container_post\" value=\"0\" \/><input type=\"hidden\" name=\"_wpcf7_posted_data_hash\" value=\"\" \/><input type=\"hidden\" name=\"_wpcf7_recaptcha_response\" value=\"\" \/>\n<\/fieldset>\n<div class=\"row\">\n<div class=\"col col-12 col-md-6\">\n<label> First name <span class=\"highlight\">*<\/span>\n    <span class=\"wpcf7-form-control-wrap\" data-name=\"your-firstname\"><input size=\"40\" maxlength=\"400\" class=\"wpcf7-form-control wpcf7-text wpcf7-validates-as-required\" aria-required=\"true\" aria-invalid=\"false\" value=\"\" type=\"text\" name=\"your-firstname\" \/><\/span> <\/label>\n<\/div>\n<div class=\"col col-12 col-md-6 mr-0\">\n<label> Name <span class=\"highlight\">*<\/span>\n    <span class=\"wpcf7-form-control-wrap\" data-name=\"your-name\"><input size=\"40\" maxlength=\"400\" class=\"wpcf7-form-control wpcf7-text wpcf7-validates-as-required\" aria-required=\"true\" aria-invalid=\"false\" value=\"\" type=\"text\" name=\"your-name\" \/><\/span> <\/label>\n<\/div>\n<\/div>\n<div class=\"row\">\n<div class=\"col col-12 col-md-6\">\n<label> E-mail address <span class=\"highlight\">*<\/span>\n    <span class=\"wpcf7-form-control-wrap\" data-name=\"your-email\"><input size=\"40\" maxlength=\"400\" class=\"wpcf7-form-control wpcf7-email wpcf7-validates-as-required wpcf7-text wpcf7-validates-as-email\" aria-required=\"true\" aria-invalid=\"false\" value=\"\" type=\"email\" name=\"your-email\" \/><\/span> <\/label>\n<\/div>\n<div class=\"col col-12 col-md-6 mr-0\">\n<label> Phone\n    <span class=\"wpcf7-form-control-wrap\" data-name=\"your-tel\"><input size=\"40\" maxlength=\"400\" class=\"wpcf7-form-control wpcf7-tel wpcf7-text wpcf7-validates-as-tel\" aria-invalid=\"false\" value=\"\" type=\"tel\" name=\"your-tel\" \/><\/span> <\/label>\n<\/div>\n<\/div>\n<div class=\"row\">\n<div class=\"col col-md-6 mr-0\">\nNumber of persons <span class=\"highlight\">*<\/span><br>\n<span class=\"wpcf7-form-control-wrap\" data-name=\"number-guests\"><input class=\"wpcf7-form-control wpcf7-number wpcf7-validates-as-required wpcf7-validates-as-number\" min=\"1\" aria-required=\"true\" aria-invalid=\"false\" value=\"\" type=\"number\" name=\"number-guests\" \/><\/span>\n<\/div>\n<\/div>\n<div class=\"row\">\n<div class=\"col col-md-6\">\nDate <span class=\"highlight\">*<\/span><br>\n<span class=\"wpcf7-form-control-wrap\" data-name=\"date-reserviation\"><input class=\"wpcf7-form-control wpcf7-date wpcf7-validates-as-required wpcf7-validates-as-date\" aria-required=\"true\" aria-invalid=\"false\" value=\"d M y\" type=\"date\" name=\"date-reserviation\" \/><\/span> \n<\/div>\n<div class=\"col col-md-6 mr-0\">\nTime *<br>\n<span class=\"wpcf7-form-control-wrap\" data-name=\"text-uhrzeit\"><input size=\"40\" maxlength=\"400\" class=\"wpcf7-form-control wpcf7-text wpcf7-validates-as-required\" aria-required=\"true\" aria-invalid=\"false\" value=\"\" type=\"text\" name=\"text-uhrzeit\" \/><\/span>\n<\/div>\n<\/div>\n<div class=\"row\">\n<div class=\"col col-12 mr-0\">\n<label> Your message <span class=\"highlight\">*<\/span>\n    <span class=\"wpcf7-form-control-wrap\" data-name=\"your-message\"><textarea cols=\"40\" rows=\"10\" maxlength=\"2000\" class=\"wpcf7-form-control wpcf7-textarea wpcf7-validates-as-required\" aria-required=\"true\" aria-invalid=\"false\" name=\"your-message\"><\/textarea><\/span> <\/label>\n<\/div>\n<\/div>\n<div class=\"row\">\n<div class=\"col col-12 mr-0\">\n<label> Please solve the following problem: <span class=\"highlight\">*<\/span><\/label><br>\n<span class=\"wpcf7-form-control-wrap\" data-name=\"quiz-72\"><label><span class=\"wpcf7-quiz-label\">Which nuber is larger 12 or 8 ?<\/span> <input size=\"40\" class=\"wpcf7-form-control wpcf7-quiz\" autocomplete=\"off\" aria-required=\"true\" aria-invalid=\"false\" type=\"text\" name=\"quiz-72\" \/><\/label><input type=\"hidden\" name=\"_wpcf7_quiz_answer_quiz-72\" value=\"4a3fa102d1f1fdeb1752f7bd5eccb88c\" \/><\/span>\n<\/div>\n<\/div>\n<div class=\"row\">\n<div class=\"col col-12 mr-0\">\n<p style=\"font-size:.9em\"><span class=\"wpcf7-form-control-wrap\" data-name=\"acceptance-659\"><span class=\"wpcf7-form-control wpcf7-acceptance\"><span class=\"wpcf7-list-item\"><label><input type=\"checkbox\" name=\"acceptance-659\" value=\"1\" aria-invalid=\"false\" \/><span class=\"wpcf7-list-item-label\">I agree that my data from the form will be collected and processed to answer my request.<br>The data will be deleted after the processing of your request has been completed.<span>*<\/span><\/span><\/label><\/span><\/span><\/span><br>View our privacy policy <a href=\"https:\/\/www.blume-scherzheim.de\/en\/privacy-policy\/\" title=\"Link to Privacy Policy page\" target=\"_blank\">here<\/a>.<\/p>\n<\/div>\n<\/div>\n<div class=\"row\">\n<div class=\"col col-12 mr-0\">\n<p><span class=\"highlight\">*<\/span> Mandatory field<\/p>\n<\/div>\n<\/div>\n<input class=\"wpcf7-form-control wpcf7-submit has-spinner\" type=\"submit\" value=\"Senden\" \/>\n<div class=\"clearfix\"><\/div><div class=\"wpcf7-response-output\" aria-hidden=\"true\"><\/div>\n<\/form>\n<\/div>\nNews<\/p>\n","protected":false},"author":1,"featured_media":0,"parent":3849,"menu_order":0,"comment_status":"closed","ping_status":"closed","template":"","meta":{"_et_pb_use_builder":"on","_et_pb_old_content":"","_et_gb_content_width":"","footnotes":""},"class_list":["post-3937","page","type-page","status-publish","hentry"],"_links":{"self":[{"href":"https:\/\/www.blume-scherzheim.de\/en\/wp-json\/wp\/v2\/pages\/3937","targetHints":{"allow":["GET"]}}],"collection":[{"href":"https:\/\/www.blume-scherzheim.de\/en\/wp-json\/wp\/v2\/pages"}],"about":[{"href":"https:\/\/www.blume-scherzheim.de\/en\/wp-json\/wp\/v2\/types\/page"}],"author":[{"embeddable":true,"href":"https:\/\/www.blume-scherzheim.de\/en\/wp-json\/wp\/v2\/users\/1"}],"replies":[{"embeddable":true,"href":"https:\/\/www.blume-scherzheim.de\/en\/wp-json\/wp\/v2\/comments?post=3937"}],"version-history":[{"count":10,"href":"https:\/\/www.blume-scherzheim.de\/en\/wp-json\/wp\/v2\/pages\/3937\/revisions"}],"predecessor-version":[{"id":4956,"href":"https:\/\/www.blume-scherzheim.de\/en\/wp-json\/wp\/v2\/pages\/3937\/revisions\/4956"}],"up":[{"embeddable":true,"href":"https:\/\/www.blume-scherzheim.de\/en\/wp-json\/wp\/v2\/pages\/3849"}],"wp:attachment":[{"href":"https:\/\/www.blume-scherzheim.de\/en\/wp-json\/wp\/v2\/media?parent=3937"}],"curies":[{"name":"wp","href":"https:\/\/api.w.org\/{rel}","templated":true}]}}